{"id":1133,"date":"2023-02-07T08:44:00","date_gmt":"2023-02-07T07:44:00","guid":{"rendered":"https:\/\/sloneczko-radom.home.pl\/nowaszkola\/?page_id=1133"},"modified":"2023-02-07T09:54:19","modified_gmt":"2023-02-07T08:54:19","slug":"biblioteka","status":"publish","type":"page","link":"https:\/\/niepublicznaradom.edu.pl\/?page_id=1133","title":{"rendered":"Biblioteka"},"content":{"rendered":"\n<p><strong>Biblioteka szkolna znajduje si\u0119 na parterze naszej szko\u0142y, mog\u0105 z niej korzysta\u0107 uczniowie, nauczyciele oraz dzieci z&nbsp;rocznego przygotowania przedszkolnego<\/strong>.<\/p>\n\n\n\n<p>Ksi\u0119gozbi\u00f3r liczy ponad 4500 publikacji. Jest to literatura dzieci\u0119ca i m\u0142odzie\u017cowa, lektury szkolne i publikacje naukowe. Wyr\u00f3\u017cnia nas bardzo bogaty zbi\u00f3r ksi\u0105\u017cek w j\u0119zyku angielskim, zar\u00f3wno do samodzielnego wypo\u017cyczania jak i do pracy w trakcie lekcji. Zapewniamy lektury szkolne dla ka\u017cdego ucznia, niezale\u017cnie od klasy.<\/p>\n\n\n\n<p>Biblioteka jest nie tylko miejscem wypo\u017cyczania ksi\u0105\u017cek. Podczas przerw tkamy, budujemy z zapa\u0142ek, gramy w statki lub dyskutujemy na r\u00f3\u017cne tematy.<\/p>\n\n\n\n<p>Mo\u017cemy pochwali\u0107 si\u0119 wydaniem w\u0142asnej publikacji prezentuj\u0105cej tw\u00f3rczo\u015b\u0107 uczni\u00f3w naszej szko\u0142y. Ponadto bierzemy udzia\u0142 w og\u00f3lnopolskich i mi\u0119dzynarodowych projektach takich jak: \u201eNarodowy Program Rozwoju Czytelnictwa\u201d, \u201ePrzerwa na czytanie\u201d, \u201eMi\u0119dzynarodowy Dzie\u0144 Ksi\u0105\u017cki i Praw Autorskich\u201d.<\/p>\n","protected":false},"excerpt":{"rendered":"<p>Biblioteka szkolna znajduje si\u0119 na parterze naszej szko\u0142y, mog\u0105 z niej korzysta\u0107 uczniowie, nauczyciele oraz dzieci z&nbsp;rocznego przygotowania przedszkolnego. Ksi\u0119gozbi?","protected":false},"author":1,"featured_media":0,"parent":49,"menu_order":0,"comment_status":"closed","ping_status":"closed","template":"","meta":[],"_links":{"self":[{"href":"https:\/\/niepublicznaradom.edu.pl\/index.php?rest_route=\/wp\/v2\/pages\/1133"}],"collection":[{"href":"https:\/\/niepublicznaradom.edu.pl\/index.php?rest_route=\/wp\/v2\/pages"}],"about":[{"href":"https:\/\/niepublicznaradom.edu.pl\/index.php?rest_route=\/wp\/v2\/types\/page"}],"author":[{"embeddable":true,"href":"https:\/\/niepublicznaradom.edu.pl\/index.php?rest_route=\/wp\/v2\/users\/1"}],"replies":[{"embeddable":true,"href":"https:\/\/niepublicznaradom.edu.pl\/index.php?rest_route=%2Fwp%2Fv2%2Fcomments&post=1133"}],"version-history":[{"count":2,"href":"https:\/\/niepublicznaradom.edu.pl\/index.php?rest_route=\/wp\/v2\/pages\/1133\/revisions"}],"predecessor-version":[{"id":1136,"href":"https:\/\/niepublicznaradom.edu.pl\/index.php?rest_route=\/wp\/v2\/pages\/1133\/revisions\/1136"}],"up":[{"embeddable":true,"href":"https:\/\/niepublicznaradom.edu.pl\/index.php?rest_route=\/wp\/v2\/pages\/49"}],"wp:attachment":[{"href":"https:\/\/niepublicznaradom.edu.pl\/index.php?rest_route=%2Fwp%2Fv2%2Fmedia&parent=1133"}],"curies":[{"name":"wp","href":"https:\/\/api.w.org\/{rel}","templated":true}]}}